{"id":10433,"date":"2024-01-18T11:08:34","date_gmt":"2024-01-18T11:08:34","guid":{"rendered":"https:\/\/kanboapp.com\/?page_id=10433"},"modified":"2024-04-15T16:14:47","modified_gmt":"2024-04-15T16:14:47","slug":"imprint","status":"publish","type":"page","link":"https:\/\/kanboapp.com\/en\/imprint\/","title":{"rendered":"Imprint"},"content":{"rendered":"\n<style>\n\/*pulpit duzy*\/\n@media(min-width:1920px)\n{\n\n.context h3\n{\nfont-size: 34px;\nline-height: 120%; \nletter-spacing: -0.34px;\nmargin-bottom:48px;\n}\n\n.context p\n{\nfont-size: 19px;\nline-height: 150%; \nfont-weight: 400;\nmargin-bottom:80px;\n}\n\n.last_text\n{\nmargin-bottom:48px;\n}\n\n}\n\/*pulpit*\/\n@media(min-width:1024px) and (max-width:1919px)\n{\n\n.context h3\n{\nfont-size: 34px;\nline-height: 120%; \nletter-spacing: -0.34px;\nmargin-bottom:48px;\n}\n\n.context p\n{\nfont-size: 19px;\nline-height: 150%; \nfont-weight: 400;\nmargin-bottom:80px;\n}\n\n.last_text\n{\nmargin-bottom:48px;\n}\n\n}\n\/*tablet1*\/\n@media (min-width: 782px) and (max-width:1023px)\n{\n\n.context h3\n{\nfont-size: 25px;\nline-height: 120%; \nletter-spacing: -0.25px;\nmargin-bottom:24px;\n}\n\n.context p\n{\nfont-size: 16px;\nline-height: 150%; \nfont-weight: 400;\nmargin-bottom:80px;\n}\n\n.last_text\n{\nmargin-bottom:24px;\n}\n\n}\n\/*tablet2*\/\n@media (min-width: 415px) and (max-width:781px)\n{\n\n.context h3\n{\nfont-size: 25px;\nline-height: 120%; \nletter-spacing: -0.25px;\nmargin-bottom:24px;\n}\n\n.context p\n{\nfont-size: 16px;\nline-height: 150%; \nfont-weight: 400;\nmargin-bottom:80px;\n}\n\n.last_text\n{\nmargin-bottom:24px;\n}\n\n}\n\/*telefon*\/\n@media(max-width:414px)\n{\n\n.context h3\n{\nfont-size: 25px;\nline-height: 120%; \nletter-spacing: -0.25px;\nmargin-bottom:24px;\n}\n\n.context p\n{\nfont-size: 16px;\nline-height: 150%; \nfont-weight: 400;\nmargin-bottom:80px;\n}\n\n.last_text\n{\nmargin-bottom:24px;\n}\n\n}\n<\/style>\n\n\n\n<div class=\"wp-block-columns context is-layout-flex wp-container-core-columns-is-layout-2f8d7207 wp-block-columns-is-layout-flex\" style=\"margin-top:120px;margin-bottom:120px;padding-top:0px;padding-right:0px;padding-bottom:0px;padding-left:0px\">\n<div class=\"wp-block-column is-layout-flow wp-block-column-is-layout-flow\">\n<h2 class=\"wp-block-heading\"><strong>Imprint<\/strong><\/h2>\n\n\n\n<p>WorkByte O\u00dc L\u00f5\u00f5tsa tn 8a 11415 Tallinn Estonia<br>E-mail: webmaster workbyte.ee<br>Company No. 16114800 (registrikood) EU VAT registration number: EE102319958<\/p>\n\n\n\n<h3 class=\"wp-block-heading\"><strong>Copyrights<\/strong><\/h3>\n\n\n\n<p>Copyright WorkByte O\u00dc. All Rights Reserved. The text, images, graphics, sound files, animation files, video files and their arrangement on WorkByte O\u00dc Internet sites are all subject to Copyright and other intellectual property protection. These objects may not be copied for commercial use or distribution, nor may these objects be modified or reposted to other web sites, apps or other digital content (hereinafter \u201cWorkByte Website\u201d). Some of the WorkByte Website also contains material that is subject to the copyright rights of their providers.<\/p>\n\n\n\n<h3 class=\"wp-block-heading\"><strong>Trademarks<\/strong><\/h3>\n\n\n\n<p>Unless otherwise indicated, all marks displayed in on the WorkByte Website are subject to the trademark rights of WorkByte O\u00dc.<\/p>\n\n\n\n<h3 class=\"wp-block-heading\"><strong>No Licenses<\/strong><\/h3>\n\n\n\n<p>We hope that you will be as enthusiastic as we are about this creative effort. However, you also need to understand that WorkByte O\u00dc must protect their Intellectual Property, including their patents, trademarks and copyrights. Accordingly, you are hereby on notice that neither this WorkByte Website, nor any material contained therein shall in any way grant or be taken to grant any person a license to WorkByte\u2019s Intellectual Property.<\/p>\n\n\n\n<h3 class=\"wp-block-heading\"><strong>No warranties or representations<\/strong><\/h3>\n\n\n\n<p class=\"last_text\">The information on this WorkByte Website is provided by WorkByte O\u00dc \u201cas is\u201d and to the extent permitted by law, is provided without warranty of any kind, expressed or implied, including but not limited to any implied warranties of merchantability, fitness for any particular purpose, or non-infringement. While the information provided is believed to be accurate, it may include errors or inaccuracies.<br>Our WorkByte Website contains links to external sites, which are not under the control of WorkByte O\u00dc. Therefore, we are not responsible for the contents of any linked site. WorkByte O\u00dc is providing these links to you only as a convenience, and the inclusion of any link does not imply endorsement by WorkByte O\u00dc of the linked site.<\/p>\n\n\n\n<p style=\"margin-bottom:0px\"><em>EFFECTIVE DATE: January 2024<\/em><\/p>\n<\/div>\n<\/div>\n","protected":false},"excerpt":{"rendered":"<p>Imprint WorkByte O\u00dc L\u00f5\u00f5tsa tn 8a 11415 Tallinn EstoniaE-mail: webmaster workbyte.eeCompany No. 16114800 (registrikood) EU VAT registration number: EE102319958 Copyrights Copyright WorkByte O\u00dc. All Rights Reserved. The text, images, graphics, sound files, animation files, video files and their arrangement on WorkByte O\u00dc Internet sites are all subject to Copyright and other intellectual property protection. These [&hellip;]<\/p>\n","protected":false},"author":2,"featured_media":0,"parent":0,"menu_order":0,"comment_status":"closed","ping_status":"closed","template":"","meta":{"footnotes":""},"class_list":["post-10433","page","type-page","status-publish","hentry"],"blocksy_meta":{"has_hero_section":"enabled","hero_section":"type-2","hero_elements":[{"id":"custom_title","enabled":true,"heading_tag":"h1","title":"Home","__id":"u4RHizvaCbs8glx5r7REd"},{"id":"custom_description","enabled":false,"description_visibility":{"desktop":true,"tablet":true,"mobile":false},"__id":"8HG20cuFpWlHuJ_28pzih"},{"id":"custom_meta","enabled":false,"meta_elements":[{"id":"author","enabled":true,"label":"By","has_author_avatar":"yes","avatar_size":25},{"id":"post_date","enabled":true,"label":"On","date_format_source":"default","date_format":"M j, Y"},{"id":"updated_date","enabled":false,"label":"On","date_format_source":"default","date_format":"M j, Y"},{"id":"categories","enabled":false,"label":"In","style":"simple"},{"id":"comments","enabled":true}],"page_meta_elements":{"joined":true,"articles_count":true,"comments":true},"__id":"nIwndayDLOqe0wm_HpKka"},{"id":"breadcrumbs","enabled":false,"__id":"yekXbXsovHM0hQYziJ3xa"}],"hero_structure":"normal","page_title_bg_type":"color","pageTitleFont":{"family":"Default","variation":"Default","size":{"desktop":"61px","tablet":"45px","mobile":"45px","__changed":["tablet"]},"line-height":"CT_CSS_SKIP_RULE","letter-spacing":"CT_CSS_SKIP_RULE","text-transform":"CT_CSS_SKIP_RULE","text-decoration":"CT_CSS_SKIP_RULE"},"pageTitleFontColor":{"default":{"color":"#0C3658"}},"pageTitleBackground":{"background_type":"color","background_pattern":"type-1","background_image":{"attachment_id":null,"x":0,"y":0},"gradient":"linear-gradient(135deg,rgba(6,147,227,1) 0%,rgb(155,81,224) 100%)","background_repeat":"repeat","background_size":"auto","background_attachment":"scroll","patternColor":{"default":{"color":"#e5e7ea"}},"overlayColor":{"default":{"color":"CT_CSS_SKIP_RULE"}},"backgroundColor":{"default":{"color":"#F0F6FC"}}},"styles_descriptor":{"styles":{"desktop":"[data-prefix=\"single_page\"] .entry-header .page-title {--theme-font-size:61px;--theme-heading-color:#0C3658;} [data-prefix=\"single_page\"] .entry-header .entry-meta {--theme-font-weight:600;--theme-text-transform:uppercase;--theme-font-size:12px;--theme-line-height:1.3;} [data-prefix=\"single_page\"] .hero-section[data-type=\"type-2\"] {--min-height:350px;background-color:#F0F6FC;background-image:none;--container-padding:50px 0px;}","tablet":"[data-prefix=\"single_page\"] .entry-header .page-title {--theme-font-size:45px;}","mobile":""},"google_fonts":{"Nunito":["n5","n6"]},"version":6},"hero_height":{"desktop":"350px","tablet":"350px","mobile":"350px","__changed":[]}},"yoast_head":"<!-- This site is optimized with the Yoast SEO plugin v26.9 - https:\/\/yoast.com\/product\/yoast-seo-wordpress\/ -->\r\n<title>Imprint - KanBo<\/title>\r\n<meta name=\"robots\" content=\"index, follow, max-snippet:-1, max-image-preview:large, max-video-preview:-1\" \/>\r\n<link rel=\"canonical\" href=\"https:\/\/kanboapp.com\/en\/imprint\/\" \/>\r\n<meta property=\"og:locale\" content=\"en_US\" \/>\r\n<meta property=\"og:type\" content=\"article\" \/>\r\n<meta property=\"og:title\" content=\"Imprint - KanBo\" \/>\r\n<meta property=\"og:description\" content=\"Imprint WorkByte O\u00dc L\u00f5\u00f5tsa tn 8a 11415 Tallinn EstoniaE-mail: webmaster workbyte.eeCompany No. 16114800 (registrikood) EU VAT registration number: EE102319958 Copyrights Copyright WorkByte O\u00dc. All Rights Reserved. The text, images, graphics, sound files, animation files, video files and their arrangement on WorkByte O\u00dc Internet sites are all subject to Copyright and other intellectual property protection. These [&hellip;]\" \/>\r\n<meta property=\"og:url\" content=\"https:\/\/kanboapp.com\/en\/imprint\/\" \/>\r\n<meta property=\"og:site_name\" content=\"KanBo\" \/>\r\n<meta property=\"article:modified_time\" content=\"2024-04-15T16:14:47+00:00\" \/>\r\n<meta name=\"twitter:card\" content=\"summary_large_image\" \/>\r\n<meta name=\"twitter:label1\" content=\"Est. reading time\" \/>\n\t<meta name=\"twitter:data1\" content=\"2 minutes\" \/>\r\n<script type=\"application\/ld+json\" class=\"yoast-schema-graph\">{\"@context\":\"https:\/\/schema.org\",\"@graph\":[{\"@type\":\"WebPage\",\"@id\":\"https:\/\/kanboapp.com\/en\/imprint\/\",\"url\":\"https:\/\/kanboapp.com\/en\/imprint\/\",\"name\":\"Imprint - KanBo\",\"isPartOf\":{\"@id\":\"https:\/\/kanboapp.com\/en\/#website\"},\"datePublished\":\"2024-01-18T11:08:34+00:00\",\"dateModified\":\"2024-04-15T16:14:47+00:00\",\"breadcrumb\":{\"@id\":\"https:\/\/kanboapp.com\/en\/imprint\/#breadcrumb\"},\"inLanguage\":\"en-US\",\"potentialAction\":[{\"@type\":\"ReadAction\",\"target\":[\"https:\/\/kanboapp.com\/en\/imprint\/\"]}]},{\"@type\":\"BreadcrumbList\",\"@id\":\"https:\/\/kanboapp.com\/en\/imprint\/#breadcrumb\",\"itemListElement\":[{\"@type\":\"ListItem\",\"position\":1,\"name\":\"Home\",\"item\":\"https:\/\/kanboapp.com\/en\/\"},{\"@type\":\"ListItem\",\"position\":2,\"name\":\"Imprint\"}]},{\"@type\":\"WebSite\",\"@id\":\"https:\/\/kanboapp.com\/en\/#website\",\"url\":\"https:\/\/kanboapp.com\/en\/\",\"name\":\"KanBo\",\"description\":\"\",\"publisher\":{\"@id\":\"https:\/\/kanboapp.com\/en\/#organization\"},\"potentialAction\":[{\"@type\":\"SearchAction\",\"target\":{\"@type\":\"EntryPoint\",\"urlTemplate\":\"https:\/\/kanboapp.com\/en\/?s={search_term_string}\"},\"query-input\":{\"@type\":\"PropertyValueSpecification\",\"valueRequired\":true,\"valueName\":\"search_term_string\"}}],\"inLanguage\":\"en-US\"},{\"@type\":\"Organization\",\"@id\":\"https:\/\/kanboapp.com\/en\/#organization\",\"name\":\"KanBo\",\"url\":\"https:\/\/kanboapp.com\/en\/\",\"logo\":{\"@type\":\"ImageObject\",\"inLanguage\":\"en-US\",\"@id\":\"https:\/\/kanboapp.com\/en\/#\/schema\/logo\/image\/\",\"url\":\"https:\/\/kanboapp.com\/wp-content\/uploads\/2023\/04\/image-122.png\",\"contentUrl\":\"https:\/\/kanboapp.com\/wp-content\/uploads\/2023\/04\/image-122.png\",\"width\":196,\"height\":52,\"caption\":\"KanBo\"},\"image\":{\"@id\":\"https:\/\/kanboapp.com\/en\/#\/schema\/logo\/image\/\"}}]}<\/script>\r\n<!-- \/ Yoast SEO plugin. -->","yoast_head_json":{"title":"Imprint - KanBo","robots":{"index":"index","follow":"follow","max-snippet":"max-snippet:-1","max-image-preview":"max-image-preview:large","max-video-preview":"max-video-preview:-1"},"canonical":"https:\/\/kanboapp.com\/en\/imprint\/","og_locale":"en_US","og_type":"article","og_title":"Imprint - KanBo","og_description":"Imprint WorkByte O\u00dc L\u00f5\u00f5tsa tn 8a 11415 Tallinn EstoniaE-mail: webmaster workbyte.eeCompany No. 16114800 (registrikood) EU VAT registration number: EE102319958 Copyrights Copyright WorkByte O\u00dc. All Rights Reserved. The text, images, graphics, sound files, animation files, video files and their arrangement on WorkByte O\u00dc Internet sites are all subject to Copyright and other intellectual property protection. These [&hellip;]","og_url":"https:\/\/kanboapp.com\/en\/imprint\/","og_site_name":"KanBo","article_modified_time":"2024-04-15T16:14:47+00:00","twitter_card":"summary_large_image","twitter_misc":{"Est. reading time":"2 minutes"},"schema":{"@context":"https:\/\/schema.org","@graph":[{"@type":"WebPage","@id":"https:\/\/kanboapp.com\/en\/imprint\/","url":"https:\/\/kanboapp.com\/en\/imprint\/","name":"Imprint - KanBo","isPartOf":{"@id":"https:\/\/kanboapp.com\/en\/#website"},"datePublished":"2024-01-18T11:08:34+00:00","dateModified":"2024-04-15T16:14:47+00:00","breadcrumb":{"@id":"https:\/\/kanboapp.com\/en\/imprint\/#breadcrumb"},"inLanguage":"en-US","potentialAction":[{"@type":"ReadAction","target":["https:\/\/kanboapp.com\/en\/imprint\/"]}]},{"@type":"BreadcrumbList","@id":"https:\/\/kanboapp.com\/en\/imprint\/#breadcrumb","itemListElement":[{"@type":"ListItem","position":1,"name":"Home","item":"https:\/\/kanboapp.com\/en\/"},{"@type":"ListItem","position":2,"name":"Imprint"}]},{"@type":"WebSite","@id":"https:\/\/kanboapp.com\/en\/#website","url":"https:\/\/kanboapp.com\/en\/","name":"KanBo","description":"","publisher":{"@id":"https:\/\/kanboapp.com\/en\/#organization"},"potentialAction":[{"@type":"SearchAction","target":{"@type":"EntryPoint","urlTemplate":"https:\/\/kanboapp.com\/en\/?s={search_term_string}"},"query-input":{"@type":"PropertyValueSpecification","valueRequired":true,"valueName":"search_term_string"}}],"inLanguage":"en-US"},{"@type":"Organization","@id":"https:\/\/kanboapp.com\/en\/#organization","name":"KanBo","url":"https:\/\/kanboapp.com\/en\/","logo":{"@type":"ImageObject","inLanguage":"en-US","@id":"https:\/\/kanboapp.com\/en\/#\/schema\/logo\/image\/","url":"https:\/\/kanboapp.com\/wp-content\/uploads\/2023\/04\/image-122.png","contentUrl":"https:\/\/kanboapp.com\/wp-content\/uploads\/2023\/04\/image-122.png","width":196,"height":52,"caption":"KanBo"},"image":{"@id":"https:\/\/kanboapp.com\/en\/#\/schema\/logo\/image\/"}}]}},"_links":{"self":[{"href":"https:\/\/kanboapp.com\/en\/wp-json\/wp\/v2\/pages\/10433","targetHints":{"allow":["GET"]}}],"collection":[{"href":"https:\/\/kanboapp.com\/en\/wp-json\/wp\/v2\/pages"}],"about":[{"href":"https:\/\/kanboapp.com\/en\/wp-json\/wp\/v2\/types\/page"}],"author":[{"embeddable":true,"href":"https:\/\/kanboapp.com\/en\/wp-json\/wp\/v2\/users\/2"}],"replies":[{"embeddable":true,"href":"https:\/\/kanboapp.com\/en\/wp-json\/wp\/v2\/comments?post=10433"}],"version-history":[{"count":10,"href":"https:\/\/kanboapp.com\/en\/wp-json\/wp\/v2\/pages\/10433\/revisions"}],"predecessor-version":[{"id":12288,"href":"https:\/\/kanboapp.com\/en\/wp-json\/wp\/v2\/pages\/10433\/revisions\/12288"}],"wp:attachment":[{"href":"https:\/\/kanboapp.com\/en\/wp-json\/wp\/v2\/media?parent=10433"}],"curies":[{"name":"wp","href":"https:\/\/api.w.org\/{rel}","templated":true}]}}